{"id":155,"date":"2020-03-18T15:16:59","date_gmt":"2020-03-18T15:16:59","guid":{"rendered":"https:\/\/www.nic-hit.ca\/product\/gomme\/"},"modified":"2025-11-04T18:35:44","modified_gmt":"2025-11-04T18:35:44","slug":"gomme","status":"publish","type":"product","link":"https:\/\/www.nic-hit.ca\/fr\/produit\/gomme\/","title":{"rendered":"Gomme"},"content":{"rendered":"<h3>Gomme \u00e0 action rapide<\/h3>\n<p>Gomme oromucosale \u00e0 lib\u00e9ration rapide disponible en 2mg et 4mg. Offert en deux saveurs : menthe poivr\u00e9e et menthol. Pratique, discr\u00e8te et faisant partie de la th\u00e9rapie de remplacement de la nicotine (TRN) de Nic-Hit pour la cessation tabagique.<\/p>\n","protected":false},"excerpt":{"rendered":"<h3><strong>Gomme \u00e0 action rapide<\/strong><\/h3>\r\nGomme oromucosale \u00e0 lib\u00e9ration rapide disponible en 2mg et 4mg. Offert en deux saveurs : menthe poivr\u00e9e et menthol. Pratique, discr\u00e8te et faisant partie de la th\u00e9rapie de remplacement de la nicotine (TRN) de Nic-Hit pour la cessation tabagique.\r\n\r\nCette gomme est formul\u00e9e pour fournir de la nicotine \u00e0 votre syst\u00e8me par la muqueuse de votre bouche plut\u00f4t que dans votre estomac (comme la plupart des autres gommes). Il est important de minimiser la d\u00e9glutition du produit dissous afin qu&rsquo;il puisse \u00eatre absorb\u00e9 correctement dans votre bouche.\r\n\r\nAvertissement: Ce produit contient de la nicotine. La nicotine cr\u00e9e une forte d\u00e9pendance. Ce produit est uniquement destin\u00e9 \u00e0 vous aider \u00e0 cesser de fumer. Ne pas utiliser si vous avez moins de 18 ans.","protected":false},"featured_media":1255,"comment_status":"open","ping_status":"closed","template":"","meta":[],"product_brand":[],"product_cat":[34],"product_tag":[],"class_list":{"0":"post-155","1":"product","2":"type-product","3":"status-publish","4":"has-post-thumbnail","6":"product_cat-nic-hit-fr","7":"has-subscription-plans","9":"first","10":"instock","11":"taxable","12":"shipping-taxable","13":"purchasable","14":"product-type-variable","15":"has-default-attributes"},"yoast_head":"<!-- This site is optimized with the Yoast SEO plugin v26.5 - https:\/\/yoast.com\/wordpress\/plugins\/seo\/ -->\n<title>Gomme | Nic-Hit Cessation tabagique et th\u00e9rapie de remplacement de la nicotine (TRN)<\/title>\n<meta name=\"description\" content=\"La gomme Nic-Hit aide \u00e0 g\u00e9rer les envies et soutient votre d\u00e9marche de cessation tabagique dans le cadre de la th\u00e9rapie de remplacement de la nicotine (TRN)\" \/>\n<meta name=\"robots\" content=\"index, follow, max-snippet:-1, max-image-preview:large, max-video-preview:-1\" \/>\n<link rel=\"canonical\" href=\"https:\/\/www.nic-hit.ca\/fr\/produit\/gomme\/\" \/>\n<meta property=\"og:locale\" content=\"fr_FR\" \/>\n<meta property=\"og:type\" content=\"article\" \/>\n<meta property=\"og:title\" content=\"Gomme | Nic-Hit Cessation tabagique et th\u00e9rapie de remplacement de la nicotine (TRN)\" \/>\n<meta property=\"og:description\" content=\"La gomme Nic-Hit aide \u00e0 g\u00e9rer les envies et soutient votre d\u00e9marche de cessation tabagique dans le cadre de la th\u00e9rapie de remplacement de la nicotine (TRN)\" \/>\n<meta property=\"og:url\" content=\"https:\/\/www.nic-hit.ca\/fr\/produit\/gomme\/\" \/>\n<meta property=\"og:site_name\" content=\"Nic-Hit International Inc.\" \/>\n<meta property=\"article:publisher\" content=\"https:\/\/www.facebook.com\/nichitinternational\/\" \/>\n<meta property=\"article:modified_time\" content=\"2025-11-04T18:35:44+00:00\" \/>\n<meta property=\"og:image\" content=\"https:\/\/www.nic-hit.ca\/wp-content\/uploads\/2020\/03\/gum-product-range.webp\" \/>\n\t<meta property=\"og:image:width\" content=\"900\" \/>\n\t<meta property=\"og:image:height\" content=\"700\" \/>\n\t<meta property=\"og:image:type\" content=\"image\/webp\" \/>\n<meta name=\"twitter:card\" content=\"summary_large_image\" \/>\n<script type=\"application\/ld+json\" class=\"yoast-schema-graph\">{\"@context\":\"https:\/\/schema.org\",\"@graph\":[{\"@type\":\"WebPage\",\"@id\":\"https:\/\/www.nic-hit.ca\/fr\/produit\/gomme\/\",\"url\":\"https:\/\/www.nic-hit.ca\/fr\/produit\/gomme\/\",\"name\":\"Gomme | Nic-Hit Cessation tabagique et th\u00e9rapie de remplacement de la nicotine (TRN)\",\"isPartOf\":{\"@id\":\"https:\/\/www.nic-hit.ca\/fr\/#website\"},\"primaryImageOfPage\":{\"@id\":\"https:\/\/www.nic-hit.ca\/fr\/produit\/gomme\/#primaryimage\"},\"image\":{\"@id\":\"https:\/\/www.nic-hit.ca\/fr\/produit\/gomme\/#primaryimage\"},\"thumbnailUrl\":\"https:\/\/www.nic-hit.ca\/wp-content\/uploads\/2020\/03\/gum-product-range.webp\",\"datePublished\":\"2020-03-18T15:16:59+00:00\",\"dateModified\":\"2025-11-04T18:35:44+00:00\",\"description\":\"La gomme Nic-Hit aide \u00e0 g\u00e9rer les envies et soutient votre d\u00e9marche de cessation tabagique dans le cadre de la th\u00e9rapie de remplacement de la nicotine (TRN)\",\"breadcrumb\":{\"@id\":\"https:\/\/www.nic-hit.ca\/fr\/produit\/gomme\/#breadcrumb\"},\"inLanguage\":\"fr-FR\",\"potentialAction\":[{\"@type\":\"ReadAction\",\"target\":[\"https:\/\/www.nic-hit.ca\/fr\/produit\/gomme\/\"]}]},{\"@type\":\"ImageObject\",\"inLanguage\":\"fr-FR\",\"@id\":\"https:\/\/www.nic-hit.ca\/fr\/produit\/gomme\/#primaryimage\",\"url\":\"https:\/\/www.nic-hit.ca\/wp-content\/uploads\/2020\/03\/gum-product-range.webp\",\"contentUrl\":\"https:\/\/www.nic-hit.ca\/wp-content\/uploads\/2020\/03\/gum-product-range.webp\",\"width\":900,\"height\":700},{\"@type\":\"BreadcrumbList\",\"@id\":\"https:\/\/www.nic-hit.ca\/fr\/produit\/gomme\/#breadcrumb\",\"itemListElement\":[{\"@type\":\"ListItem\",\"position\":1,\"name\":\"Home\",\"item\":\"https:\/\/www.nic-hit.ca\/fr\/\"},{\"@type\":\"ListItem\",\"position\":2,\"name\":\"Boutique\",\"item\":\"https:\/\/www.nic-hit.ca\/fr\/boutique\/\"},{\"@type\":\"ListItem\",\"position\":3,\"name\":\"Gomme\"}]},{\"@type\":\"WebSite\",\"@id\":\"https:\/\/www.nic-hit.ca\/fr\/#website\",\"url\":\"https:\/\/www.nic-hit.ca\/fr\/\",\"name\":\"Nic-Hit International Inc.\",\"description\":\"Cessation tabagique et th\u00e9rapie de remplacement de la nicotine (TRN)\",\"publisher\":{\"@id\":\"https:\/\/www.nic-hit.ca\/fr\/#organization\"},\"alternateName\":\"Nic-Hit\",\"potentialAction\":[{\"@type\":\"SearchAction\",\"target\":{\"@type\":\"EntryPoint\",\"urlTemplate\":\"https:\/\/www.nic-hit.ca\/fr\/?s={search_term_string}\"},\"query-input\":{\"@type\":\"PropertyValueSpecification\",\"valueRequired\":true,\"valueName\":\"search_term_string\"}}],\"inLanguage\":\"fr-FR\"},{\"@type\":\"Organization\",\"@id\":\"https:\/\/www.nic-hit.ca\/fr\/#organization\",\"name\":\"Nic-Hit International Inc.\",\"alternateName\":\"Nic-Hit\",\"url\":\"https:\/\/www.nic-hit.ca\/fr\/\",\"logo\":{\"@type\":\"ImageObject\",\"inLanguage\":\"fr-FR\",\"@id\":\"https:\/\/www.nic-hit.ca\/fr\/#\/schema\/logo\/image\/\",\"url\":\"https:\/\/www.nic-hit.ca\/wp-content\/uploads\/2025\/02\/cropped-image-18.png\",\"contentUrl\":\"https:\/\/www.nic-hit.ca\/wp-content\/uploads\/2025\/02\/cropped-image-18.png\",\"width\":512,\"height\":512,\"caption\":\"Nic-Hit International Inc.\"},\"image\":{\"@id\":\"https:\/\/www.nic-hit.ca\/fr\/#\/schema\/logo\/image\/\"},\"sameAs\":[\"https:\/\/www.facebook.com\/nichitinternational\/\",\"https:\/\/www.instagram.com\/nichitinternational\/\",\"https:\/\/www.youtube.com\/@nichitinternational\"]}]}<\/script>\n<!-- \/ Yoast SEO plugin. -->","yoast_head_json":{"title":"Gomme | Nic-Hit Cessation tabagique et th\u00e9rapie de remplacement de la nicotine (TRN)","description":"La gomme Nic-Hit aide \u00e0 g\u00e9rer les envies et soutient votre d\u00e9marche de cessation tabagique dans le cadre de la th\u00e9rapie de remplacement de la nicotine (TRN)","robots":{"index":"index","follow":"follow","max-snippet":"max-snippet:-1","max-image-preview":"max-image-preview:large","max-video-preview":"max-video-preview:-1"},"canonical":"https:\/\/www.nic-hit.ca\/fr\/produit\/gomme\/","og_locale":"fr_FR","og_type":"article","og_title":"Gomme | Nic-Hit Cessation tabagique et th\u00e9rapie de remplacement de la nicotine (TRN)","og_description":"La gomme Nic-Hit aide \u00e0 g\u00e9rer les envies et soutient votre d\u00e9marche de cessation tabagique dans le cadre de la th\u00e9rapie de remplacement de la nicotine (TRN)","og_url":"https:\/\/www.nic-hit.ca\/fr\/produit\/gomme\/","og_site_name":"Nic-Hit International Inc.","article_publisher":"https:\/\/www.facebook.com\/nichitinternational\/","article_modified_time":"2025-11-04T18:35:44+00:00","og_image":[{"width":900,"height":700,"url":"https:\/\/www.nic-hit.ca\/wp-content\/uploads\/2020\/03\/gum-product-range.webp","type":"image\/webp"}],"twitter_card":"summary_large_image","schema":{"@context":"https:\/\/schema.org","@graph":[{"@type":"WebPage","@id":"https:\/\/www.nic-hit.ca\/fr\/produit\/gomme\/","url":"https:\/\/www.nic-hit.ca\/fr\/produit\/gomme\/","name":"Gomme | Nic-Hit Cessation tabagique et th\u00e9rapie de remplacement de la nicotine (TRN)","isPartOf":{"@id":"https:\/\/www.nic-hit.ca\/fr\/#website"},"primaryImageOfPage":{"@id":"https:\/\/www.nic-hit.ca\/fr\/produit\/gomme\/#primaryimage"},"image":{"@id":"https:\/\/www.nic-hit.ca\/fr\/produit\/gomme\/#primaryimage"},"thumbnailUrl":"https:\/\/www.nic-hit.ca\/wp-content\/uploads\/2020\/03\/gum-product-range.webp","datePublished":"2020-03-18T15:16:59+00:00","dateModified":"2025-11-04T18:35:44+00:00","description":"La gomme Nic-Hit aide \u00e0 g\u00e9rer les envies et soutient votre d\u00e9marche de cessation tabagique dans le cadre de la th\u00e9rapie de remplacement de la nicotine (TRN)","breadcrumb":{"@id":"https:\/\/www.nic-hit.ca\/fr\/produit\/gomme\/#breadcrumb"},"inLanguage":"fr-FR","potentialAction":[{"@type":"ReadAction","target":["https:\/\/www.nic-hit.ca\/fr\/produit\/gomme\/"]}]},{"@type":"ImageObject","inLanguage":"fr-FR","@id":"https:\/\/www.nic-hit.ca\/fr\/produit\/gomme\/#primaryimage","url":"https:\/\/www.nic-hit.ca\/wp-content\/uploads\/2020\/03\/gum-product-range.webp","contentUrl":"https:\/\/www.nic-hit.ca\/wp-content\/uploads\/2020\/03\/gum-product-range.webp","width":900,"height":700},{"@type":"BreadcrumbList","@id":"https:\/\/www.nic-hit.ca\/fr\/produit\/gomme\/#breadcrumb","itemListElement":[{"@type":"ListItem","position":1,"name":"Home","item":"https:\/\/www.nic-hit.ca\/fr\/"},{"@type":"ListItem","position":2,"name":"Boutique","item":"https:\/\/www.nic-hit.ca\/fr\/boutique\/"},{"@type":"ListItem","position":3,"name":"Gomme"}]},{"@type":"WebSite","@id":"https:\/\/www.nic-hit.ca\/fr\/#website","url":"https:\/\/www.nic-hit.ca\/fr\/","name":"Nic-Hit International Inc.","description":"Cessation tabagique et th\u00e9rapie de remplacement de la nicotine (TRN)","publisher":{"@id":"https:\/\/www.nic-hit.ca\/fr\/#organization"},"alternateName":"Nic-Hit","potentialAction":[{"@type":"SearchAction","target":{"@type":"EntryPoint","urlTemplate":"https:\/\/www.nic-hit.ca\/fr\/?s={search_term_string}"},"query-input":{"@type":"PropertyValueSpecification","valueRequired":true,"valueName":"search_term_string"}}],"inLanguage":"fr-FR"},{"@type":"Organization","@id":"https:\/\/www.nic-hit.ca\/fr\/#organization","name":"Nic-Hit International Inc.","alternateName":"Nic-Hit","url":"https:\/\/www.nic-hit.ca\/fr\/","logo":{"@type":"ImageObject","inLanguage":"fr-FR","@id":"https:\/\/www.nic-hit.ca\/fr\/#\/schema\/logo\/image\/","url":"https:\/\/www.nic-hit.ca\/wp-content\/uploads\/2025\/02\/cropped-image-18.png","contentUrl":"https:\/\/www.nic-hit.ca\/wp-content\/uploads\/2025\/02\/cropped-image-18.png","width":512,"height":512,"caption":"Nic-Hit International Inc."},"image":{"@id":"https:\/\/www.nic-hit.ca\/fr\/#\/schema\/logo\/image\/"},"sameAs":["https:\/\/www.facebook.com\/nichitinternational\/","https:\/\/www.instagram.com\/nichitinternational\/","https:\/\/www.youtube.com\/@nichitinternational"]}]}},"_links":{"self":[{"href":"https:\/\/www.nic-hit.ca\/fr\/wp-json\/wp\/v2\/product\/155","targetHints":{"allow":["GET"]}}],"collection":[{"href":"https:\/\/www.nic-hit.ca\/fr\/wp-json\/wp\/v2\/product"}],"about":[{"href":"https:\/\/www.nic-hit.ca\/fr\/wp-json\/wp\/v2\/types\/product"}],"replies":[{"embeddable":true,"href":"https:\/\/www.nic-hit.ca\/fr\/wp-json\/wp\/v2\/comments?post=155"}],"wp:featuredmedia":[{"embeddable":true,"href":"https:\/\/www.nic-hit.ca\/fr\/wp-json\/wp\/v2\/media\/1255"}],"wp:attachment":[{"href":"https:\/\/www.nic-hit.ca\/fr\/wp-json\/wp\/v2\/media?parent=155"}],"wp:term":[{"taxonomy":"product_brand","embeddable":true,"href":"https:\/\/www.nic-hit.ca\/fr\/wp-json\/wp\/v2\/product_brand?post=155"},{"taxonomy":"product_cat","embeddable":true,"href":"https:\/\/www.nic-hit.ca\/fr\/wp-json\/wp\/v2\/product_cat?post=155"},{"taxonomy":"product_tag","embeddable":true,"href":"https:\/\/www.nic-hit.ca\/fr\/wp-json\/wp\/v2\/product_tag?post=155"}],"curies":[{"name":"wp","href":"https:\/\/api.w.org\/{rel}","templated":true}]}}