{"id":150,"date":"2020-03-18T15:24:33","date_gmt":"2020-03-18T15:24:33","guid":{"rendered":"https:\/\/www.nic-hit.ca\/product\/vaporisateur\/"},"modified":"2025-11-05T17:58:03","modified_gmt":"2025-11-05T17:58:03","slug":"vaporisateur","status":"publish","type":"product","link":"https:\/\/www.nic-hit.ca\/fr\/produit\/vaporisateur\/","title":{"rendered":"Vaporisateur"},"content":{"rendered":"<h3>Vaporisateur \u00e0 action rapide<\/h3>\n<p>Le vaporisateur Nic-Hit offre un soulagement rapide des envies de nicotine. Pulv\u00e9risez simplement \u00e0 l\u2019int\u00e9rieur de la joue pour une absorption efficace. Disponible en dosages de 1 mg et 2 mg, en saveurs Menthe et Orange.<\/p>\n","protected":false},"excerpt":{"rendered":"<h3>Vaporisateur \u00e0 action rapide<\/h3>\r\n<img loading=\"lazy\" decoding=\"async\" class=\"wp-image-1049 alignright\" src=\"https:\/\/www.nic-hit.ca\/wp-content\/uploads\/2025\/03\/Made-in-Canada-English-French.png\" alt=\"Made in Canada - Fabriqu\u00e9 au Canada\" width=\"75\" height=\"75\" srcset=\"https:\/\/www.nic-hit.ca\/wp-content\/uploads\/2025\/03\/Made-in-Canada-English-French.png 150w, https:\/\/www.nic-hit.ca\/wp-content\/uploads\/2025\/03\/Made-in-Canada-English-French-100x100.png 100w, https:\/\/www.nic-hit.ca\/wp-content\/uploads\/2025\/03\/Made-in-Canada-English-French-50x50.png 50w\" sizes=\"auto, (max-width: 75px) 100vw, 75px\" \/>Le vaporisateur Nic-Hit offre un soulagement rapide des envies de nicotine. Pulv\u00e9risez simplement \u00e0 l\u2019int\u00e9rieur de la joue pour une absorption efficace. Disponible en dosages de 1 mg et 2 mg, en saveurs Menthe et Orange.\r\n\r\nCe vaporisateur buccal est con\u00e7u pour lib\u00e9rer de la nicotine dans votre syst\u00e8me \u00e0 travers la muqueuse de la bouche et non dans l\u2019estomac (comme la plupart des m\u00e9dicaments).\r\n\r\nAvertissement: Ce produit contient de la nicotine. La nicotine cr\u00e9e une forte d\u00e9pendance. Ce produit est uniquement destin\u00e9 \u00e0 vous aider \u00e0 cesser de fumer. Ne pas utiliser si vous avez moins de 18 ans.","protected":false},"featured_media":1264,"comment_status":"open","ping_status":"closed","template":"","meta":[],"product_brand":[],"product_cat":[34],"product_tag":[],"class_list":{"0":"post-150","1":"product","2":"type-product","3":"status-publish","4":"has-post-thumbnail","6":"product_cat-nic-hit-fr","7":"has-subscription-plans","9":"first","10":"instock","11":"taxable","12":"shipping-taxable","13":"purchasable","14":"product-type-variable","15":"has-default-attributes"},"yoast_head":"<!-- This site is optimized with the Yoast SEO plugin v26.5 - https:\/\/yoast.com\/wordpress\/plugins\/seo\/ -->\n<title>Vaporisateur | Nic-Hit Cessation tabagique et th\u00e9rapie de remplacement de la nicotine (TRN)<\/title>\n<meta name=\"description\" content=\"Le vaporisateur Nic-Hit procure un soulagement rapide des envies et participe \u00e0 la th\u00e9rapie de remplacement de la nicotine (TRN) pour soutenir la cessation tabagique.\" \/>\n<meta name=\"robots\" content=\"index, follow, max-snippet:-1, max-image-preview:large, max-video-preview:-1\" \/>\n<link rel=\"canonical\" href=\"https:\/\/www.nic-hit.ca\/fr\/produit\/vaporisateur\/\" \/>\n<meta property=\"og:locale\" content=\"fr_FR\" \/>\n<meta property=\"og:type\" content=\"article\" \/>\n<meta property=\"og:title\" content=\"Vaporisateur | Nic-Hit Cessation tabagique et th\u00e9rapie de remplacement de la nicotine (TRN)\" \/>\n<meta property=\"og:description\" content=\"Le vaporisateur Nic-Hit procure un soulagement rapide des envies et participe \u00e0 la th\u00e9rapie de remplacement de la nicotine (TRN) pour soutenir la cessation tabagique.\" \/>\n<meta property=\"og:url\" content=\"https:\/\/www.nic-hit.ca\/fr\/produit\/vaporisateur\/\" \/>\n<meta property=\"og:site_name\" content=\"Nic-Hit International Inc.\" \/>\n<meta property=\"article:publisher\" content=\"https:\/\/www.facebook.com\/nichitinternational\/\" \/>\n<meta property=\"article:modified_time\" content=\"2025-11-05T17:58:03+00:00\" \/>\n<meta property=\"og:image\" content=\"https:\/\/www.nic-hit.ca\/wp-content\/uploads\/2020\/03\/spray-product-range-fr.webp\" \/>\n\t<meta property=\"og:image:width\" content=\"900\" \/>\n\t<meta property=\"og:image:height\" content=\"700\" \/>\n\t<meta property=\"og:image:type\" content=\"image\/webp\" \/>\n<meta name=\"twitter:card\" content=\"summary_large_image\" \/>\n<script type=\"application\/ld+json\" class=\"yoast-schema-graph\">{\"@context\":\"https:\/\/schema.org\",\"@graph\":[{\"@type\":\"WebPage\",\"@id\":\"https:\/\/www.nic-hit.ca\/fr\/produit\/vaporisateur\/\",\"url\":\"https:\/\/www.nic-hit.ca\/fr\/produit\/vaporisateur\/\",\"name\":\"Vaporisateur | Nic-Hit Cessation tabagique et th\u00e9rapie de remplacement de la nicotine (TRN)\",\"isPartOf\":{\"@id\":\"https:\/\/www.nic-hit.ca\/fr\/#website\"},\"primaryImageOfPage\":{\"@id\":\"https:\/\/www.nic-hit.ca\/fr\/produit\/vaporisateur\/#primaryimage\"},\"image\":{\"@id\":\"https:\/\/www.nic-hit.ca\/fr\/produit\/vaporisateur\/#primaryimage\"},\"thumbnailUrl\":\"https:\/\/www.nic-hit.ca\/wp-content\/uploads\/2020\/03\/spray-product-range-fr.webp\",\"datePublished\":\"2020-03-18T15:24:33+00:00\",\"dateModified\":\"2025-11-05T17:58:03+00:00\",\"description\":\"Le vaporisateur Nic-Hit procure un soulagement rapide des envies et participe \u00e0 la th\u00e9rapie de remplacement de la nicotine (TRN) pour soutenir la cessation tabagique.\",\"breadcrumb\":{\"@id\":\"https:\/\/www.nic-hit.ca\/fr\/produit\/vaporisateur\/#breadcrumb\"},\"inLanguage\":\"fr-FR\",\"potentialAction\":[{\"@type\":\"ReadAction\",\"target\":[\"https:\/\/www.nic-hit.ca\/fr\/produit\/vaporisateur\/\"]}]},{\"@type\":\"ImageObject\",\"inLanguage\":\"fr-FR\",\"@id\":\"https:\/\/www.nic-hit.ca\/fr\/produit\/vaporisateur\/#primaryimage\",\"url\":\"https:\/\/www.nic-hit.ca\/wp-content\/uploads\/2020\/03\/spray-product-range-fr.webp\",\"contentUrl\":\"https:\/\/www.nic-hit.ca\/wp-content\/uploads\/2020\/03\/spray-product-range-fr.webp\",\"width\":900,\"height\":700},{\"@type\":\"BreadcrumbList\",\"@id\":\"https:\/\/www.nic-hit.ca\/fr\/produit\/vaporisateur\/#breadcrumb\",\"itemListElement\":[{\"@type\":\"ListItem\",\"position\":1,\"name\":\"Home\",\"item\":\"https:\/\/www.nic-hit.ca\/fr\/\"},{\"@type\":\"ListItem\",\"position\":2,\"name\":\"Boutique\",\"item\":\"https:\/\/www.nic-hit.ca\/fr\/boutique\/\"},{\"@type\":\"ListItem\",\"position\":3,\"name\":\"Vaporisateur\"}]},{\"@type\":\"WebSite\",\"@id\":\"https:\/\/www.nic-hit.ca\/fr\/#website\",\"url\":\"https:\/\/www.nic-hit.ca\/fr\/\",\"name\":\"Nic-Hit International Inc.\",\"description\":\"Cessation tabagique et th\u00e9rapie de remplacement de la nicotine (TRN)\",\"publisher\":{\"@id\":\"https:\/\/www.nic-hit.ca\/fr\/#organization\"},\"alternateName\":\"Nic-Hit\",\"potentialAction\":[{\"@type\":\"SearchAction\",\"target\":{\"@type\":\"EntryPoint\",\"urlTemplate\":\"https:\/\/www.nic-hit.ca\/fr\/?s={search_term_string}\"},\"query-input\":{\"@type\":\"PropertyValueSpecification\",\"valueRequired\":true,\"valueName\":\"search_term_string\"}}],\"inLanguage\":\"fr-FR\"},{\"@type\":\"Organization\",\"@id\":\"https:\/\/www.nic-hit.ca\/fr\/#organization\",\"name\":\"Nic-Hit International Inc.\",\"alternateName\":\"Nic-Hit\",\"url\":\"https:\/\/www.nic-hit.ca\/fr\/\",\"logo\":{\"@type\":\"ImageObject\",\"inLanguage\":\"fr-FR\",\"@id\":\"https:\/\/www.nic-hit.ca\/fr\/#\/schema\/logo\/image\/\",\"url\":\"https:\/\/www.nic-hit.ca\/wp-content\/uploads\/2025\/02\/cropped-image-18.png\",\"contentUrl\":\"https:\/\/www.nic-hit.ca\/wp-content\/uploads\/2025\/02\/cropped-image-18.png\",\"width\":512,\"height\":512,\"caption\":\"Nic-Hit International Inc.\"},\"image\":{\"@id\":\"https:\/\/www.nic-hit.ca\/fr\/#\/schema\/logo\/image\/\"},\"sameAs\":[\"https:\/\/www.facebook.com\/nichitinternational\/\",\"https:\/\/www.instagram.com\/nichitinternational\/\",\"https:\/\/www.youtube.com\/@nichitinternational\"]}]}<\/script>\n<!-- \/ Yoast SEO plugin. -->","yoast_head_json":{"title":"Vaporisateur | Nic-Hit Cessation tabagique et th\u00e9rapie de remplacement de la nicotine (TRN)","description":"Le vaporisateur Nic-Hit procure un soulagement rapide des envies et participe \u00e0 la th\u00e9rapie de remplacement de la nicotine (TRN) pour soutenir la cessation tabagique.","robots":{"index":"index","follow":"follow","max-snippet":"max-snippet:-1","max-image-preview":"max-image-preview:large","max-video-preview":"max-video-preview:-1"},"canonical":"https:\/\/www.nic-hit.ca\/fr\/produit\/vaporisateur\/","og_locale":"fr_FR","og_type":"article","og_title":"Vaporisateur | Nic-Hit Cessation tabagique et th\u00e9rapie de remplacement de la nicotine (TRN)","og_description":"Le vaporisateur Nic-Hit procure un soulagement rapide des envies et participe \u00e0 la th\u00e9rapie de remplacement de la nicotine (TRN) pour soutenir la cessation tabagique.","og_url":"https:\/\/www.nic-hit.ca\/fr\/produit\/vaporisateur\/","og_site_name":"Nic-Hit International Inc.","article_publisher":"https:\/\/www.facebook.com\/nichitinternational\/","article_modified_time":"2025-11-05T17:58:03+00:00","og_image":[{"width":900,"height":700,"url":"https:\/\/www.nic-hit.ca\/wp-content\/uploads\/2020\/03\/spray-product-range-fr.webp","type":"image\/webp"}],"twitter_card":"summary_large_image","schema":{"@context":"https:\/\/schema.org","@graph":[{"@type":"WebPage","@id":"https:\/\/www.nic-hit.ca\/fr\/produit\/vaporisateur\/","url":"https:\/\/www.nic-hit.ca\/fr\/produit\/vaporisateur\/","name":"Vaporisateur | Nic-Hit Cessation tabagique et th\u00e9rapie de remplacement de la nicotine (TRN)","isPartOf":{"@id":"https:\/\/www.nic-hit.ca\/fr\/#website"},"primaryImageOfPage":{"@id":"https:\/\/www.nic-hit.ca\/fr\/produit\/vaporisateur\/#primaryimage"},"image":{"@id":"https:\/\/www.nic-hit.ca\/fr\/produit\/vaporisateur\/#primaryimage"},"thumbnailUrl":"https:\/\/www.nic-hit.ca\/wp-content\/uploads\/2020\/03\/spray-product-range-fr.webp","datePublished":"2020-03-18T15:24:33+00:00","dateModified":"2025-11-05T17:58:03+00:00","description":"Le vaporisateur Nic-Hit procure un soulagement rapide des envies et participe \u00e0 la th\u00e9rapie de remplacement de la nicotine (TRN) pour soutenir la cessation tabagique.","breadcrumb":{"@id":"https:\/\/www.nic-hit.ca\/fr\/produit\/vaporisateur\/#breadcrumb"},"inLanguage":"fr-FR","potentialAction":[{"@type":"ReadAction","target":["https:\/\/www.nic-hit.ca\/fr\/produit\/vaporisateur\/"]}]},{"@type":"ImageObject","inLanguage":"fr-FR","@id":"https:\/\/www.nic-hit.ca\/fr\/produit\/vaporisateur\/#primaryimage","url":"https:\/\/www.nic-hit.ca\/wp-content\/uploads\/2020\/03\/spray-product-range-fr.webp","contentUrl":"https:\/\/www.nic-hit.ca\/wp-content\/uploads\/2020\/03\/spray-product-range-fr.webp","width":900,"height":700},{"@type":"BreadcrumbList","@id":"https:\/\/www.nic-hit.ca\/fr\/produit\/vaporisateur\/#breadcrumb","itemListElement":[{"@type":"ListItem","position":1,"name":"Home","item":"https:\/\/www.nic-hit.ca\/fr\/"},{"@type":"ListItem","position":2,"name":"Boutique","item":"https:\/\/www.nic-hit.ca\/fr\/boutique\/"},{"@type":"ListItem","position":3,"name":"Vaporisateur"}]},{"@type":"WebSite","@id":"https:\/\/www.nic-hit.ca\/fr\/#website","url":"https:\/\/www.nic-hit.ca\/fr\/","name":"Nic-Hit International Inc.","description":"Cessation tabagique et th\u00e9rapie de remplacement de la nicotine (TRN)","publisher":{"@id":"https:\/\/www.nic-hit.ca\/fr\/#organization"},"alternateName":"Nic-Hit","potentialAction":[{"@type":"SearchAction","target":{"@type":"EntryPoint","urlTemplate":"https:\/\/www.nic-hit.ca\/fr\/?s={search_term_string}"},"query-input":{"@type":"PropertyValueSpecification","valueRequired":true,"valueName":"search_term_string"}}],"inLanguage":"fr-FR"},{"@type":"Organization","@id":"https:\/\/www.nic-hit.ca\/fr\/#organization","name":"Nic-Hit International Inc.","alternateName":"Nic-Hit","url":"https:\/\/www.nic-hit.ca\/fr\/","logo":{"@type":"ImageObject","inLanguage":"fr-FR","@id":"https:\/\/www.nic-hit.ca\/fr\/#\/schema\/logo\/image\/","url":"https:\/\/www.nic-hit.ca\/wp-content\/uploads\/2025\/02\/cropped-image-18.png","contentUrl":"https:\/\/www.nic-hit.ca\/wp-content\/uploads\/2025\/02\/cropped-image-18.png","width":512,"height":512,"caption":"Nic-Hit International Inc."},"image":{"@id":"https:\/\/www.nic-hit.ca\/fr\/#\/schema\/logo\/image\/"},"sameAs":["https:\/\/www.facebook.com\/nichitinternational\/","https:\/\/www.instagram.com\/nichitinternational\/","https:\/\/www.youtube.com\/@nichitinternational"]}]}},"_links":{"self":[{"href":"https:\/\/www.nic-hit.ca\/fr\/wp-json\/wp\/v2\/product\/150","targetHints":{"allow":["GET"]}}],"collection":[{"href":"https:\/\/www.nic-hit.ca\/fr\/wp-json\/wp\/v2\/product"}],"about":[{"href":"https:\/\/www.nic-hit.ca\/fr\/wp-json\/wp\/v2\/types\/product"}],"replies":[{"embeddable":true,"href":"https:\/\/www.nic-hit.ca\/fr\/wp-json\/wp\/v2\/comments?post=150"}],"wp:featuredmedia":[{"embeddable":true,"href":"https:\/\/www.nic-hit.ca\/fr\/wp-json\/wp\/v2\/media\/1264"}],"wp:attachment":[{"href":"https:\/\/www.nic-hit.ca\/fr\/wp-json\/wp\/v2\/media?parent=150"}],"wp:term":[{"taxonomy":"product_brand","embeddable":true,"href":"https:\/\/www.nic-hit.ca\/fr\/wp-json\/wp\/v2\/product_brand?post=150"},{"taxonomy":"product_cat","embeddable":true,"href":"https:\/\/www.nic-hit.ca\/fr\/wp-json\/wp\/v2\/product_cat?post=150"},{"taxonomy":"product_tag","embeddable":true,"href":"https:\/\/www.nic-hit.ca\/fr\/wp-json\/wp\/v2\/product_tag?post=150"}],"curies":[{"name":"wp","href":"https:\/\/api.w.org\/{rel}","templated":true}]}}