{"id":34,"date":"2018-11-28T03:12:05","date_gmt":"2018-11-28T03:12:05","guid":{"rendered":"http:\/\/nic-hit.ca\/?page_id=34"},"modified":"2025-11-04T15:30:56","modified_gmt":"2025-11-04T15:30:56","slug":"accueil","status":"publish","type":"page","link":"https:\/\/www.nic-hit.ca\/fr\/","title":{"rendered":"Accueil"},"content":{"rendered":"\n<p>\n\nNic-Hit est utilis\u00e9 comme th\u00e9rapie de remplacement de la nicotine, con\u00e7ue comme une aide temporaire pour ceux qui veulent arr\u00eater de fumer et se lib\u00e9rer du tabac.\n\n<\/p>\n","protected":false},"excerpt":{"rendered":"Nic-Hit est utilis\u00e9 comme th\u00e9rapie de remplacement de la nicotine, con\u00e7ue comme une aide temporaire pour ceux qui veulent arr\u00eater de fumer et se lib\u00e9rer du tabac.","protected":false},"author":2,"featured_media":0,"parent":0,"menu_order":0,"comment_status":"closed","ping_status":"open","template":"template-home.php","meta":{"footnotes":""},"class_list":["post-34","page","type-page","status-publish","hentry"],"yoast_head":"<!-- This site is optimized with the Yoast SEO plugin v26.5 - https:\/\/yoast.com\/wordpress\/plugins\/seo\/ -->\n<title>Nic-Hit | Cessation tabagique et th\u00e9rapie de remplacement de la nicotine (TRN)<\/title>\n<meta name=\"description\" content=\"Nic-Hit propose une gamme compl\u00e8te de produits pour la cessation tabagique, incluant gommes, pastilles, et vaporisateurs, tous dans le cadre de la th\u00e9rapie de remplacement de la nicotine (TRN) pour vous aider \u00e0 arr\u00eater de fumer efficacement.\" \/>\n<meta name=\"robots\" content=\"index, follow, max-snippet:-1, max-image-preview:large, max-video-preview:-1\" \/>\n<link rel=\"canonical\" href=\"https:\/\/www.nic-hit.ca\/fr\/\" \/>\n<meta property=\"og:locale\" content=\"fr_FR\" \/>\n<meta property=\"og:type\" content=\"article\" \/>\n<meta property=\"og:title\" content=\"Nic-Hit International | Aide temporaire pour arr\u00eater de fumer\" \/>\n<meta property=\"og:description\" content=\"Nic-Hit est utilis\u00e9 comme th\u00e9rapie de remplacement de la nicotine, con\u00e7ue comme une aide temporaire pour ceux qui veulent arr\u00eater de fumer et se lib\u00e9rer du tabac.\" \/>\n<meta property=\"og:url\" content=\"https:\/\/www.nic-hit.ca\/fr\/\" \/>\n<meta property=\"og:site_name\" content=\"Nic-Hit International Inc.\" \/>\n<meta property=\"article:publisher\" content=\"https:\/\/www.facebook.com\/nichitinternational\/\" \/>\n<meta property=\"article:modified_time\" content=\"2025-11-04T15:30:56+00:00\" \/>\n<meta property=\"og:image\" content=\"https:\/\/www.nic-hit.ca\/wp-content\/uploads\/2019\/02\/nic-hit-opengraph.jpg\" \/>\n\t<meta property=\"og:image:width\" content=\"1200\" \/>\n\t<meta property=\"og:image:height\" content=\"630\" \/>\n\t<meta property=\"og:image:type\" content=\"image\/jpeg\" \/>\n<meta name=\"twitter:card\" content=\"summary_large_image\" \/>\n<script type=\"application\/ld+json\" class=\"yoast-schema-graph\">{\"@context\":\"https:\/\/schema.org\",\"@graph\":[{\"@type\":\"WebPage\",\"@id\":\"https:\/\/www.nic-hit.ca\/fr\/\",\"url\":\"https:\/\/www.nic-hit.ca\/fr\/\",\"name\":\"Nic-Hit | Cessation tabagique et th\u00e9rapie de remplacement de la nicotine (TRN)\",\"isPartOf\":{\"@id\":\"https:\/\/www.nic-hit.ca\/fr\/#website\"},\"datePublished\":\"2018-11-28T03:12:05+00:00\",\"dateModified\":\"2025-11-04T15:30:56+00:00\",\"description\":\"Nic-Hit propose une gamme compl\u00e8te de produits pour la cessation tabagique, incluant gommes, pastilles, et vaporisateurs, tous dans le cadre de la th\u00e9rapie de remplacement de la nicotine (TRN) pour vous aider \u00e0 arr\u00eater de fumer efficacement.\",\"breadcrumb\":{\"@id\":\"https:\/\/www.nic-hit.ca\/fr\/#breadcrumb\"},\"inLanguage\":\"fr-FR\",\"potentialAction\":[{\"@type\":\"ReadAction\",\"target\":[\"https:\/\/www.nic-hit.ca\/fr\/\"]}]},{\"@type\":\"BreadcrumbList\",\"@id\":\"https:\/\/www.nic-hit.ca\/fr\/#breadcrumb\",\"itemListElement\":[{\"@type\":\"ListItem\",\"position\":1,\"name\":\"Home\",\"item\":\"https:\/\/www.nic-hit.ca\/fr\/\"},{\"@type\":\"ListItem\",\"position\":2,\"name\":\"Accueil\"}]},{\"@type\":\"WebSite\",\"@id\":\"https:\/\/www.nic-hit.ca\/fr\/#website\",\"url\":\"https:\/\/www.nic-hit.ca\/fr\/\",\"name\":\"Nic-Hit International Inc.\",\"description\":\"Cessation tabagique et th\u00e9rapie de remplacement de la nicotine (TRN)\",\"publisher\":{\"@id\":\"https:\/\/www.nic-hit.ca\/fr\/#organization\"},\"alternateName\":\"Nic-Hit\",\"potentialAction\":[{\"@type\":\"SearchAction\",\"target\":{\"@type\":\"EntryPoint\",\"urlTemplate\":\"https:\/\/www.nic-hit.ca\/fr\/?s={search_term_string}\"},\"query-input\":{\"@type\":\"PropertyValueSpecification\",\"valueRequired\":true,\"valueName\":\"search_term_string\"}}],\"inLanguage\":\"fr-FR\"},{\"@type\":\"Organization\",\"@id\":\"https:\/\/www.nic-hit.ca\/fr\/#organization\",\"name\":\"Nic-Hit International Inc.\",\"alternateName\":\"Nic-Hit\",\"url\":\"https:\/\/www.nic-hit.ca\/fr\/\",\"logo\":{\"@type\":\"ImageObject\",\"inLanguage\":\"fr-FR\",\"@id\":\"https:\/\/www.nic-hit.ca\/fr\/#\/schema\/logo\/image\/\",\"url\":\"https:\/\/www.nic-hit.ca\/wp-content\/uploads\/2025\/02\/cropped-image-18.png\",\"contentUrl\":\"https:\/\/www.nic-hit.ca\/wp-content\/uploads\/2025\/02\/cropped-image-18.png\",\"width\":512,\"height\":512,\"caption\":\"Nic-Hit International Inc.\"},\"image\":{\"@id\":\"https:\/\/www.nic-hit.ca\/fr\/#\/schema\/logo\/image\/\"},\"sameAs\":[\"https:\/\/www.facebook.com\/nichitinternational\/\",\"https:\/\/www.instagram.com\/nichitinternational\/\",\"https:\/\/www.youtube.com\/@nichitinternational\"]}]}<\/script>\n<!-- \/ Yoast SEO plugin. -->","yoast_head_json":{"title":"Nic-Hit | Cessation tabagique et th\u00e9rapie de remplacement de la nicotine (TRN)","description":"Nic-Hit propose une gamme compl\u00e8te de produits pour la cessation tabagique, incluant gommes, pastilles, et vaporisateurs, tous dans le cadre de la th\u00e9rapie de remplacement de la nicotine (TRN) pour vous aider \u00e0 arr\u00eater de fumer efficacement.","robots":{"index":"index","follow":"follow","max-snippet":"max-snippet:-1","max-image-preview":"max-image-preview:large","max-video-preview":"max-video-preview:-1"},"canonical":"https:\/\/www.nic-hit.ca\/fr\/","og_locale":"fr_FR","og_type":"article","og_title":"Nic-Hit International | Aide temporaire pour arr\u00eater de fumer","og_description":"Nic-Hit est utilis\u00e9 comme th\u00e9rapie de remplacement de la nicotine, con\u00e7ue comme une aide temporaire pour ceux qui veulent arr\u00eater de fumer et se lib\u00e9rer du tabac.","og_url":"https:\/\/www.nic-hit.ca\/fr\/","og_site_name":"Nic-Hit International Inc.","article_publisher":"https:\/\/www.facebook.com\/nichitinternational\/","article_modified_time":"2025-11-04T15:30:56+00:00","og_image":[{"width":1200,"height":630,"url":"https:\/\/www.nic-hit.ca\/wp-content\/uploads\/2019\/02\/nic-hit-opengraph.jpg","type":"image\/jpeg"}],"twitter_card":"summary_large_image","schema":{"@context":"https:\/\/schema.org","@graph":[{"@type":"WebPage","@id":"https:\/\/www.nic-hit.ca\/fr\/","url":"https:\/\/www.nic-hit.ca\/fr\/","name":"Nic-Hit | Cessation tabagique et th\u00e9rapie de remplacement de la nicotine (TRN)","isPartOf":{"@id":"https:\/\/www.nic-hit.ca\/fr\/#website"},"datePublished":"2018-11-28T03:12:05+00:00","dateModified":"2025-11-04T15:30:56+00:00","description":"Nic-Hit propose une gamme compl\u00e8te de produits pour la cessation tabagique, incluant gommes, pastilles, et vaporisateurs, tous dans le cadre de la th\u00e9rapie de remplacement de la nicotine (TRN) pour vous aider \u00e0 arr\u00eater de fumer efficacement.","breadcrumb":{"@id":"https:\/\/www.nic-hit.ca\/fr\/#breadcrumb"},"inLanguage":"fr-FR","potentialAction":[{"@type":"ReadAction","target":["https:\/\/www.nic-hit.ca\/fr\/"]}]},{"@type":"BreadcrumbList","@id":"https:\/\/www.nic-hit.ca\/fr\/#breadcrumb","itemListElement":[{"@type":"ListItem","position":1,"name":"Home","item":"https:\/\/www.nic-hit.ca\/fr\/"},{"@type":"ListItem","position":2,"name":"Accueil"}]},{"@type":"WebSite","@id":"https:\/\/www.nic-hit.ca\/fr\/#website","url":"https:\/\/www.nic-hit.ca\/fr\/","name":"Nic-Hit International Inc.","description":"Cessation tabagique et th\u00e9rapie de remplacement de la nicotine (TRN)","publisher":{"@id":"https:\/\/www.nic-hit.ca\/fr\/#organization"},"alternateName":"Nic-Hit","potentialAction":[{"@type":"SearchAction","target":{"@type":"EntryPoint","urlTemplate":"https:\/\/www.nic-hit.ca\/fr\/?s={search_term_string}"},"query-input":{"@type":"PropertyValueSpecification","valueRequired":true,"valueName":"search_term_string"}}],"inLanguage":"fr-FR"},{"@type":"Organization","@id":"https:\/\/www.nic-hit.ca\/fr\/#organization","name":"Nic-Hit International Inc.","alternateName":"Nic-Hit","url":"https:\/\/www.nic-hit.ca\/fr\/","logo":{"@type":"ImageObject","inLanguage":"fr-FR","@id":"https:\/\/www.nic-hit.ca\/fr\/#\/schema\/logo\/image\/","url":"https:\/\/www.nic-hit.ca\/wp-content\/uploads\/2025\/02\/cropped-image-18.png","contentUrl":"https:\/\/www.nic-hit.ca\/wp-content\/uploads\/2025\/02\/cropped-image-18.png","width":512,"height":512,"caption":"Nic-Hit International Inc."},"image":{"@id":"https:\/\/www.nic-hit.ca\/fr\/#\/schema\/logo\/image\/"},"sameAs":["https:\/\/www.facebook.com\/nichitinternational\/","https:\/\/www.instagram.com\/nichitinternational\/","https:\/\/www.youtube.com\/@nichitinternational"]}]}},"_links":{"self":[{"href":"https:\/\/www.nic-hit.ca\/fr\/wp-json\/wp\/v2\/pages\/34","targetHints":{"allow":["GET"]}}],"collection":[{"href":"https:\/\/www.nic-hit.ca\/fr\/wp-json\/wp\/v2\/pages"}],"about":[{"href":"https:\/\/www.nic-hit.ca\/fr\/wp-json\/wp\/v2\/types\/page"}],"author":[{"embeddable":true,"href":"https:\/\/www.nic-hit.ca\/fr\/wp-json\/wp\/v2\/users\/2"}],"replies":[{"embeddable":true,"href":"https:\/\/www.nic-hit.ca\/fr\/wp-json\/wp\/v2\/comments?post=34"}],"version-history":[{"count":0,"href":"https:\/\/www.nic-hit.ca\/fr\/wp-json\/wp\/v2\/pages\/34\/revisions"}],"wp:attachment":[{"href":"https:\/\/www.nic-hit.ca\/fr\/wp-json\/wp\/v2\/media?parent=34"}],"curies":[{"name":"wp","href":"https:\/\/api.w.org\/{rel}","templated":true}]}}